{"id":10,"date":"2022-07-06T17:21:57","date_gmt":"2022-07-06T20:21:57","guid":{"rendered":"http:\/\/dasc.com.br\/?page_id=10"},"modified":"2025-08-19T20:25:17","modified_gmt":"2025-08-19T23:25:17","slug":"contato","status":"publish","type":"page","link":"https:\/\/dasc.com.br\/","title":{"rendered":"Contato"},"content":{"rendered":"\t\t<div data-elementor-type=\"wp-page\" data-elementor-id=\"10\" class=\"elementor elementor-10\" data-elementor-post-type=\"page\">\n\t\t\t\t<div class=\"elementor-element elementor-element-7f0acda e-flex e-con-boxed e-con e-parent\" data-id=\"7f0acda\" data-element_type=\"container\" data-settings=\"{&quot;background_background&quot;:&quot;classic&quot;}\">\n\t\t\t\t\t<div class=\"e-con-inner\">\n\t\t<div class=\"elementor-element elementor-element-58dde0e e-flex e-con-boxed e-con e-child\" data-id=\"58dde0e\" data-element_type=\"container\">\n\t\t\t\t\t<div class=\"e-con-inner\">\n\t\t\t\t<div class=\"elementor-element elementor-element-e8d55b6 elementor-invisible elementor-widget elementor-widget-heading\" data-id=\"e8d55b6\" data-element_type=\"widget\" data-settings=\"{&quot;_animation&quot;:&quot;fadeInDown&quot;}\" data-widget_type=\"heading.default\">\n\t\t\t\t<div class=\"elementor-widget-container\">\n\t\t\t\t\t<h2 class=\"elementor-heading-title elementor-size-default\">DASC Servi\u00e7os T\u00e9cnicos<\/h2>\t\t\t\t<\/div>\n\t\t\t\t<\/div>\n\t\t\t\t<div class=\"elementor-element elementor-element-67b5113 elementor-invisible elementor-widget elementor-widget-text-editor\" data-id=\"67b5113\" data-element_type=\"widget\" data-settings=\"{&quot;_animation&quot;:&quot;fadeIn&quot;}\" data-widget_type=\"text-editor.default\">\n\t\t\t\t<div class=\"elementor-widget-container\">\n\t\t\t\t\t\t\t\t\t<p>A DASC Servi\u00e7os T\u00e9cnicos \u00e9 uma empresa especializada em solu\u00e7\u00f5es de sistemas el\u00e9tricos <br \/>para ind\u00fastrias, grandes com\u00e9rcios, gera\u00e7\u00e3o de energia e\u00f3lica, solar, t\u00e9rmica, hidr\u00e1ulica e <br \/>entre outras.<\/p><p>Adequada as normas de seguran\u00e7a do trabalho, sa\u00fade e meio ambiente.<br \/>Nosso time \u00e9 composto por profissionais t\u00e9cnicos e engenheiros experientes e capacitados <br \/>em comissionamento e manuten\u00e7\u00e3o el\u00e9trica\/mec\u00e2nica em equipamentos de subesta\u00e7\u00e3o, <br \/>parques e\u00f3licos e solares.<\/p><p>Nossos servi\u00e7os s\u00e3o executados de acordo com as normas nacionais ABNT e normas <br \/>internacionais ANSI, IEC e outras espec\u00edficas para cada equipamento.<\/p><p>Nossos instrumentos e equipamentos de medi\u00e7\u00e3o s\u00e3o aferidos\/calibrados com os <br \/>respectivos certificados de calibra\u00e7\u00e3o emitidos por empresa pertencente a RBC, rastreada <br \/>pelo INMETRO, garantindo aos clientes uma excelente confiabilidade nas medi\u00e7\u00f5es<\/p>\t\t\t\t\t\t\t\t<\/div>\n\t\t\t\t<\/div>\n\t\t\t\t\t<\/div>\n\t\t\t\t<\/div>\n\t\t<div class=\"elementor-element elementor-element-9c001e9 e-flex e-con-boxed elementor-invisible e-con e-child\" data-id=\"9c001e9\" data-element_type=\"container\" data-settings=\"{&quot;animation&quot;:&quot;fadeIn&quot;,&quot;animation_delay&quot;:15}\">\n\t\t\t\t\t<div class=\"e-con-inner\">\n\t\t<div class=\"elementor-element elementor-element-b603cb3 e-flex e-con-boxed elementor-invisible e-con e-child\" data-id=\"b603cb3\" data-element_type=\"container\" data-settings=\"{&quot;background_background&quot;:&quot;classic&quot;,&quot;animation&quot;:&quot;fadeIn&quot;,&quot;animation_delay&quot;:15}\">\n\t\t\t\t\t<div class=\"e-con-inner\">\n\t\t\t\t<div class=\"elementor-element elementor-element-a95b595 elementor-widget elementor-widget-heading\" data-id=\"a95b595\" data-element_type=\"widget\" data-widget_type=\"heading.default\">\n\t\t\t\t<div class=\"elementor-widget-container\">\n\t\t\t\t\t<h2 class=\"elementor-heading-title elementor-size-default\">Fale Conosco!<\/h2>\t\t\t\t<\/div>\n\t\t\t\t<\/div>\n\t\t\t\t<div class=\"elementor-element elementor-element-6502449 elementor-button-align-start elementor-mobile-button-align-start elementor-invisible elementor-widget elementor-widget-form\" data-id=\"6502449\" data-element_type=\"widget\" data-settings=\"{&quot;step_next_label&quot;:&quot;Next&quot;,&quot;step_previous_label&quot;:&quot;Previous&quot;,&quot;_animation&quot;:&quot;fadeInUp&quot;,&quot;step_type&quot;:&quot;number_text&quot;,&quot;step_icon_shape&quot;:&quot;circle&quot;}\" data-widget_type=\"form.default\">\n\t\t\t\t<div class=\"elementor-widget-container\">\n\t\t\t\t\t\t\t<form class=\"elementor-form\" method=\"post\" name=\"New Form\">\n\t\t\t<input type=\"hidden\" name=\"post_id\" value=\"10\"\/>\n\t\t\t<input type=\"hidden\" name=\"form_id\" value=\"6502449\"\/>\n\t\t\t<input type=\"hidden\" name=\"referer_title\" value=\"\" \/>\n\n\t\t\t\n\t\t\t<div class=\"elementor-form-fields-wrapper elementor-labels-above\">\n\t\t\t\t\t\t\t\t<div class=\"elementor-field-type-text elementor-field-group elementor-column elementor-field-group-nome elementor-col-50 elementor-sm-50 elementor-field-required elementor-mark-required\">\n\t\t\t\t\t\t\t\t\t\t\t\t<label for=\"form-field-nome\" class=\"elementor-field-label\">\n\t\t\t\t\t\t\t\tNome\t\t\t\t\t\t\t<\/label>\n\t\t\t\t\t\t\t\t\t\t\t\t\t\t<input size=\"1\" type=\"text\" name=\"form_fields[nome]\" id=\"form-field-nome\" class=\"elementor-field elementor-size-md  elementor-field-textual\" placeholder=\"Nome\" required=\"required\">\n\t\t\t\t\t\t\t\t\t\t\t<\/div>\n\t\t\t\t\t\t\t\t<div class=\"elementor-field-type-tel elementor-field-group elementor-column elementor-field-group-telefone elementor-col-50 elementor-sm-50 elementor-field-required elementor-mark-required\">\n\t\t\t\t\t\t\t\t\t\t\t\t<label for=\"form-field-telefone\" class=\"elementor-field-label\">\n\t\t\t\t\t\t\t\tTelefone\t\t\t\t\t\t\t<\/label>\n\t\t\t\t\t\t\t\t<input size=\"1\" type=\"tel\" name=\"form_fields[telefone]\" id=\"form-field-telefone\" class=\"elementor-field elementor-size-md  elementor-field-textual\" placeholder=\"DDD + Contato\" required=\"required\" pattern=\"[0-9()#&amp;+*-=.]+\" title=\"Only numbers and phone characters (#, -, *, etc) are accepted.\">\n\n\t\t\t\t\t\t<\/div>\n\t\t\t\t\t\t\t\t<div class=\"elementor-field-type-select elementor-field-group elementor-column elementor-field-group-estado elementor-col-50 elementor-field-required elementor-mark-required\">\n\t\t\t\t\t\t\t\t\t\t\t\t<label for=\"form-field-estado\" class=\"elementor-field-label\">\n\t\t\t\t\t\t\t\tEstado\t\t\t\t\t\t\t<\/label>\n\t\t\t\t\t\t\t\t<div class=\"elementor-field elementor-select-wrapper remove-before \">\n\t\t\t<div class=\"select-caret-down-wrapper\">\n\t\t\t\t<i aria-hidden=\"true\" class=\"eicon-caret-down\"><\/i>\t\t\t<\/div>\n\t\t\t<select name=\"form_fields[estado]\" id=\"form-field-estado\" class=\"elementor-field-textual elementor-size-md\" required=\"required\">\n\t\t\t\t\t\t\t\t\t<option value=\" &quot;&quot;\">Escolha um estado... <\/option>\n\t\t\t\t\t\t\t\t\t<option value=\"Acre\">Acre<\/option>\n\t\t\t\t\t\t\t\t\t<option value=\"Alagoas\">Alagoas<\/option>\n\t\t\t\t\t\t\t\t\t<option value=\"Amap\u00e1\">Amap\u00e1<\/option>\n\t\t\t\t\t\t\t\t\t<option value=\"Amazonas\">Amazonas<\/option>\n\t\t\t\t\t\t\t\t\t<option value=\"Bahia\">Bahia<\/option>\n\t\t\t\t\t\t\t\t\t<option value=\"Cear\u00e1\">Cear\u00e1<\/option>\n\t\t\t\t\t\t\t\t\t<option value=\"Esp\u00edrito Santo\">Esp\u00edrito Santo<\/option>\n\t\t\t\t\t\t\t\t\t<option value=\"Goi\u00e1s\">Goi\u00e1s<\/option>\n\t\t\t\t\t\t\t\t\t<option value=\"Maranh\u00e3o\">Maranh\u00e3o<\/option>\n\t\t\t\t\t\t\t\t\t<option value=\"Mato Grosso\">Mato Grosso<\/option>\n\t\t\t\t\t\t\t\t\t<option value=\"Mato Grosso do Sul\">Mato Grosso do Sul<\/option>\n\t\t\t\t\t\t\t\t\t<option value=\"Minas Gerais\">Minas Gerais<\/option>\n\t\t\t\t\t\t\t\t\t<option value=\"Par\u00e1\">Par\u00e1<\/option>\n\t\t\t\t\t\t\t\t\t<option value=\"Para\u00edba\">Para\u00edba<\/option>\n\t\t\t\t\t\t\t\t\t<option value=\"Paran\u00e1\">Paran\u00e1<\/option>\n\t\t\t\t\t\t\t\t\t<option value=\"Pernambuco\">Pernambuco<\/option>\n\t\t\t\t\t\t\t\t\t<option value=\"Piau\u00ed\">Piau\u00ed<\/option>\n\t\t\t\t\t\t\t\t\t<option value=\"Rio de Janeiro\">Rio de Janeiro<\/option>\n\t\t\t\t\t\t\t\t\t<option value=\"Rio Grande do Norte\">Rio Grande do Norte<\/option>\n\t\t\t\t\t\t\t\t\t<option value=\"Rio Grande do Sul\">Rio Grande do Sul<\/option>\n\t\t\t\t\t\t\t\t\t<option value=\"Rond\u00f4nia\">Rond\u00f4nia<\/option>\n\t\t\t\t\t\t\t\t\t<option value=\"Roraima\">Roraima<\/option>\n\t\t\t\t\t\t\t\t\t<option value=\"Santa Catarina\">Santa Catarina<\/option>\n\t\t\t\t\t\t\t\t\t<option value=\"S\u00e3o Paulo\">S\u00e3o Paulo<\/option>\n\t\t\t\t\t\t\t\t\t<option value=\"Sergipe\">Sergipe<\/option>\n\t\t\t\t\t\t\t\t\t<option value=\"Tocantins\">Tocantins<\/option>\n\t\t\t\t\t\t\t<\/select>\n\t\t<\/div>\n\t\t\t\t\t\t<\/div>\n\t\t\t\t\t\t\t\t<div class=\"elementor-field-type-email elementor-field-group elementor-column elementor-field-group-email elementor-col-50 elementor-field-required elementor-mark-required\">\n\t\t\t\t\t\t\t\t\t\t\t\t<label for=\"form-field-email\" class=\"elementor-field-label\">\n\t\t\t\t\t\t\t\tEmail\t\t\t\t\t\t\t<\/label>\n\t\t\t\t\t\t\t\t\t\t\t\t\t\t<input size=\"1\" type=\"email\" name=\"form_fields[email]\" id=\"form-field-email\" class=\"elementor-field elementor-size-md  elementor-field-textual\" placeholder=\"Email\" required=\"required\">\n\t\t\t\t\t\t\t\t\t\t\t<\/div>\n\t\t\t\t\t\t\t\t<div class=\"elementor-field-type-textarea elementor-field-group elementor-column elementor-field-group-mensagem elementor-col-100\">\n\t\t\t\t\t\t\t\t\t\t\t\t<label for=\"form-field-mensagem\" class=\"elementor-field-label\">\n\t\t\t\t\t\t\t\tObserv\u00e7\u00e3o\t\t\t\t\t\t\t<\/label>\n\t\t\t\t\t\t<textarea class=\"elementor-field-textual elementor-field  elementor-size-md\" name=\"form_fields[mensagem]\" id=\"form-field-mensagem\" rows=\"4\"><\/textarea>\t\t\t\t<\/div>\n\t\t\t\t\t\t\t\t<div class=\"elementor-field-group elementor-column elementor-field-type-submit elementor-col-100 e-form__buttons\">\n\t\t\t\t\t<button class=\"elementor-button elementor-size-md\" type=\"submit\">\n\t\t\t\t\t\t<span class=\"elementor-button-content-wrapper\">\n\t\t\t\t\t\t\t\t\t\t\t\t\t\t\t\t\t\t\t\t\t\t<span class=\"elementor-button-text\">Enviar<\/span>\n\t\t\t\t\t\t\t\t\t\t\t\t\t<\/span>\n\t\t\t\t\t<\/button>\n\t\t\t\t<\/div>\n\t\t\t<\/div>\n\t\t<\/form>\n\t\t\t\t\t\t<\/div>\n\t\t\t\t<\/div>\n\t\t\t\t\t<\/div>\n\t\t\t\t<\/div>\n\t\t<div class=\"elementor-element elementor-element-363c72b e-flex e-con-boxed e-con e-child\" data-id=\"363c72b\" data-element_type=\"container\">\n\t\t\t\t\t<div class=\"e-con-inner\">\n\t\t\t\t<div class=\"elementor-element elementor-element-2fdc06c elementor-align-center elementor-widget__width-initial elementor-widget-mobile__width-initial elementor-invisible elementor-widget elementor-widget-button\" data-id=\"2fdc06c\" data-element_type=\"widget\" data-settings=\"{&quot;_animation&quot;:&quot;fadeIn&quot;}\" data-widget_type=\"button.default\">\n\t\t\t\t<div class=\"elementor-widget-container\">\n\t\t\t\t\t\t\t\t\t<div class=\"elementor-button-wrapper\">\n\t\t\t\t\t<a class=\"elementor-button elementor-button-link elementor-size-lg\" href=\"http:\/\/dasc.com.br\/wp-content\/uploads\/2022\/07\/DASC-portfolio-contato.pdf\" target=\"_blank\" rel=\"nofollow\">\n\t\t\t\t\t\t<span class=\"elementor-button-content-wrapper\">\n\t\t\t\t\t\t<span class=\"elementor-button-icon\">\n\t\t\t\t<i aria-hidden=\"true\" class=\"far fa-file-pdf\"><\/i>\t\t\t<\/span>\n\t\t\t\t\t\t\t\t\t<span class=\"elementor-button-text\">Portif\u00f3lio<\/span>\n\t\t\t\t\t<\/span>\n\t\t\t\t\t<\/a>\n\t\t\t\t<\/div>\n\t\t\t\t\t\t\t\t<\/div>\n\t\t\t\t<\/div>\n\t\t\t\t<div class=\"elementor-element elementor-element-07aab90 elementor-align-left elementor-mobile-align-center elementor-widget-mobile__width-initial elementor-invisible elementor-widget elementor-widget-button\" data-id=\"07aab90\" data-element_type=\"widget\" data-settings=\"{&quot;_animation&quot;:&quot;fadeIn&quot;}\" data-widget_type=\"button.default\">\n\t\t\t\t<div class=\"elementor-widget-container\">\n\t\t\t\t\t\t\t\t\t<div class=\"elementor-button-wrapper\">\n\t\t\t\t\t<a class=\"elementor-button elementor-button-link elementor-size-lg\" href=\"http:\/\/wa.me\/5574999888920\" target=\"_blank\" rel=\"nofollow\">\n\t\t\t\t\t\t<span class=\"elementor-button-content-wrapper\">\n\t\t\t\t\t\t<span class=\"elementor-button-icon\">\n\t\t\t\t<i aria-hidden=\"true\" class=\"fab fa-whatsapp\"><\/i>\t\t\t<\/span>\n\t\t\t\t\t\t\t\t\t<span class=\"elementor-button-text\">Whatsapp<\/span>\n\t\t\t\t\t<\/span>\n\t\t\t\t\t<\/a>\n\t\t\t\t<\/div>\n\t\t\t\t\t\t\t\t<\/div>\n\t\t\t\t<\/div>\n\t\t\t\t\t<\/div>\n\t\t\t\t<\/div>\n\t\t\t\t\t<\/div>\n\t\t\t\t<\/div>\n\t\t\t\t\t<\/div>\n\t\t\t\t<\/div>\n\t\t\t\t<\/div>\n\t\t","protected":false},"excerpt":{"rendered":"<p>DASC Servi\u00e7os T\u00e9cnicos A DASC Servi\u00e7os T\u00e9cnicos \u00e9 uma empresa especializada em solu\u00e7\u00f5es de sistemas el\u00e9tricos para ind\u00fastrias, grandes com\u00e9rcios, gera\u00e7\u00e3o de energia e\u00f3lica, solar, t\u00e9rmica, hidr\u00e1ulica e entre outras. Adequada as normas de seguran\u00e7a do trabalho, sa\u00fade e meio ambiente.Nosso time \u00e9 composto por profissionais t\u00e9cnicos e engenheiros experientes e capacitados em comissionamento e [&hellip;]<\/p>\n","protected":false},"author":1,"featured_media":0,"parent":0,"menu_order":0,"comment_status":"closed","ping_status":"closed","template":"","meta":{"footnotes":""},"class_list":["post-10","page","type-page","status-publish","hentry"],"_links":{"self":[{"href":"https:\/\/dasc.com.br\/index.php\/wp-json\/wp\/v2\/pages\/10","targetHints":{"allow":["GET"]}}],"collection":[{"href":"https:\/\/dasc.com.br\/index.php\/wp-json\/wp\/v2\/pages"}],"about":[{"href":"https:\/\/dasc.com.br\/index.php\/wp-json\/wp\/v2\/types\/page"}],"author":[{"embeddable":true,"href":"https:\/\/dasc.com.br\/index.php\/wp-json\/wp\/v2\/users\/1"}],"replies":[{"embeddable":true,"href":"https:\/\/dasc.com.br\/index.php\/wp-json\/wp\/v2\/comments?post=10"}],"version-history":[{"count":140,"href":"https:\/\/dasc.com.br\/index.php\/wp-json\/wp\/v2\/pages\/10\/revisions"}],"predecessor-version":[{"id":3095,"href":"https:\/\/dasc.com.br\/index.php\/wp-json\/wp\/v2\/pages\/10\/revisions\/3095"}],"wp:attachment":[{"href":"https:\/\/dasc.com.br\/index.php\/wp-json\/wp\/v2\/media?parent=10"}],"curies":[{"name":"wp","href":"https:\/\/api.w.org\/{rel}","templated":true}]}}